{"id":811,"date":"2023-08-31T15:24:46","date_gmt":"2023-08-31T18:24:46","guid":{"rendered":"https:\/\/sitenovo.homolog.clubedepermuta.com.br\/?page_id=811"},"modified":"2024-01-29T15:05:01","modified_gmt":"2024-01-29T18:05:01","slug":"entre-em-contato-para-ser-um-franqueado","status":"publish","type":"page","link":"https:\/\/sitenovo.homolog.clubedepermuta.com.br\/index.php\/entre-em-contato-para-ser-um-franqueado\/","title":{"rendered":"Entre em contato para ser um franqueado"},"content":{"rendered":"\t\t<div data-elementor-type=\"wp-page\" data-elementor-id=\"811\" class=\"elementor elementor-811\" data-elementor-post-type=\"page\">\n\t\t\t\t<div class=\"elementor-element elementor-element-fab10b9 e-flex e-con-boxed e-con e-parent\" data-id=\"fab10b9\" data-element_type=\"container\" data-settings=\"{&quot;background_background&quot;:&quot;classic&quot;}\">\n\t\t\t\t\t<div class=\"e-con-inner\">\n\t\t\t\t<div class=\"elementor-element elementor-element-33425cd elementor-widget elementor-widget-heading\" data-id=\"33425cd\" data-element_type=\"widget\" data-widget_type=\"heading.default\">\n\t\t\t\t<div class=\"elementor-widget-container\">\n\t\t\t\t\t<h2 class=\"elementor-heading-title elementor-size-default\">Seja um <font color=\"#C62F40\">franqueado<\/font><\/h2>\t\t\t\t<\/div>\n\t\t\t\t<\/div>\n\t\t\t\t<div class=\"elementor-element elementor-element-11591a5 elementor-widget elementor-widget-text-editor\" data-id=\"11591a5\" data-element_type=\"widget\" data-widget_type=\"text-editor.default\">\n\t\t\t\t<div class=\"elementor-widget-container\">\n\t\t\t\t\t\t\t\t\t<p>Voc\u00ea, profissional empreendedor, que tem lideran\u00e7a e compet\u00eancia para administrar um neg\u00f3cio, de forma marcante e diferenciada em seu mercado, acaba de encontrar a sua Rede de Franquias! O Clube de Permuta disponibiliza para o mercado a oportunidade de ingressar em um neg\u00f3cio de sucesso j\u00e1 testado, pela expans\u00e3o de sua Rede de neg\u00f3cios atrav\u00e9s do Sistema de Franchising.<\/p><p>O Sistema de Franquias do Clube de Permuta garante uma assist\u00eancia necess\u00e1ria para buscar seu retorno do investimento e obter sucesso com o neg\u00f3cio. A Rede oferece apoio ao Franqueado, atrav\u00e9s de visitas de consultoria de campo, treinamento e reciclagem, comunica\u00e7\u00e3o integrada e cria\u00e7\u00e3o de novos produtos e servi\u00e7os.<\/p>\t\t\t\t\t\t\t\t<\/div>\n\t\t\t\t<\/div>\n\t\t\t\t<div class=\"elementor-element elementor-element-241a9dc elementor-widget-divider--view-line elementor-widget elementor-widget-divider\" data-id=\"241a9dc\" data-element_type=\"widget\" data-widget_type=\"divider.default\">\n\t\t\t\t<div class=\"elementor-widget-container\">\n\t\t\t\t\t\t\t<div class=\"elementor-divider\">\n\t\t\t<span class=\"elementor-divider-separator\">\n\t\t\t\t\t\t<\/span>\n\t\t<\/div>\n\t\t\t\t\t\t<\/div>\n\t\t\t\t<\/div>\n\t\t\t\t<div class=\"elementor-element elementor-element-53f86b0 elementor-widget elementor-widget-html\" data-id=\"53f86b0\" data-element_type=\"widget\" data-widget_type=\"html.default\">\n\t\t\t\t<div class=\"elementor-widget-container\">\n\t\t\t\t\t<iframe id=\"meuiframe\" src=\"https:\/\/clubedepermuta.com.br\/iframe\/novo_franqueado.php\"><\/iframe>\t\t\t\t<\/div>\n\t\t\t\t<\/div>\n\t\t\t\t\t<\/div>\n\t\t\t\t<\/div>\n\t\t\t\t<\/div>\n\t\t","protected":false},"excerpt":{"rendered":"<p>Seja um franqueado Voc\u00ea, profissional empreendedor, que tem lideran\u00e7a e compet\u00eancia para administrar um neg\u00f3cio, de forma marcante e diferenciada em seu mercado, acaba de encontrar a sua Rede de Franquias! O Clube de Permuta disponibiliza para o mercado a oportunidade de ingressar em um neg\u00f3cio de sucesso j\u00e1 testado, pela expans\u00e3o de sua Rede [&hellip;]<\/p>\n","protected":false},"author":1,"featured_media":0,"parent":0,"menu_order":0,"comment_status":"closed","ping_status":"closed","template":"elementor_header_footer","meta":{"_monsterinsights_skip_tracking":false,"_monsterinsights_sitenote_active":false,"_monsterinsights_sitenote_note":"","_monsterinsights_sitenote_category":0,"footnotes":""},"class_list":["post-811","page","type-page","status-publish","hentry"],"_links":{"self":[{"href":"https:\/\/sitenovo.homolog.clubedepermuta.com.br\/index.php\/wp-json\/wp\/v2\/pages\/811","targetHints":{"allow":["GET"]}}],"collection":[{"href":"https:\/\/sitenovo.homolog.clubedepermuta.com.br\/index.php\/wp-json\/wp\/v2\/pages"}],"about":[{"href":"https:\/\/sitenovo.homolog.clubedepermuta.com.br\/index.php\/wp-json\/wp\/v2\/types\/page"}],"author":[{"embeddable":true,"href":"https:\/\/sitenovo.homolog.clubedepermuta.com.br\/index.php\/wp-json\/wp\/v2\/users\/1"}],"replies":[{"embeddable":true,"href":"https:\/\/sitenovo.homolog.clubedepermuta.com.br\/index.php\/wp-json\/wp\/v2\/comments?post=811"}],"version-history":[{"count":0,"href":"https:\/\/sitenovo.homolog.clubedepermuta.com.br\/index.php\/wp-json\/wp\/v2\/pages\/811\/revisions"}],"wp:attachment":[{"href":"https:\/\/sitenovo.homolog.clubedepermuta.com.br\/index.php\/wp-json\/wp\/v2\/media?parent=811"}],"curies":[{"name":"wp","href":"https:\/\/api.w.org\/{rel}","templated":true}]}}